{"id":3,"date":"2025-01-23T20:05:22","date_gmt":"2025-01-23T20:05:22","guid":{"rendered":"https:\/\/mpsoft.cl\/?page_id=3"},"modified":"2025-08-13T15:12:16","modified_gmt":"2025-08-13T15:12:16","slug":"privacy-policy","status":"publish","type":"page","link":"https:\/\/mpsoft.cl\/index.php\/privacy-policy\/","title":{"rendered":"Pol\u00edtica de privacidad"},"content":{"rendered":"\n<h4 class=\"wp-block-heading\">En <strong>mpsoft.cl<\/strong> respetamos y protegemos la privacidad de todas las personas que visitan nuestro sitio web. Esta pol\u00edtica explica de manera clara c\u00f3mo recopilamos, usamos y protegemos tu informaci\u00f3n personal.<\/h4>\n\n\n\n<h3 class=\"wp-block-heading\"><strong>1. Informaci\u00f3n que recopilamos<\/strong><\/h3>\n\n\n\n<p>Podemos recopilar:<\/p>\n\n\n\n<ul class=\"wp-block-list\">\n<li>Datos de contacto como nombre, correo electr\u00f3nico, n\u00famero de tel\u00e9fono u otros que nos proporciones voluntariamente.<\/li>\n\n\n\n<li>Informaci\u00f3n t\u00e9cnica, como direcci\u00f3n IP, tipo de navegador, p\u00e1ginas visitadas y tiempo de navegaci\u00f3n (mediante cookies u otras tecnolog\u00edas similares).<\/li>\n<\/ul>\n\n\n\n<h3 class=\"wp-block-heading\"><strong>2. Uso de la informaci\u00f3n<\/strong><\/h3>\n\n\n\n<p>Utilizamos tus datos para:<\/p>\n\n\n\n<ul class=\"wp-block-list\">\n<li>Responder consultas y brindar atenci\u00f3n personalizada.<\/li>\n\n\n\n<li>Mejorar nuestros productos, servicios y el funcionamiento del sitio web.<\/li>\n\n\n\n<li>Enviar informaci\u00f3n o promociones, \u00fanicamente si nos has dado tu consentimiento.<\/li>\n<\/ul>\n\n\n\n<h3 class=\"wp-block-heading\"><strong>3. Compartir informaci\u00f3n con terceros<\/strong><\/h3>\n\n\n\n<p>No vendemos ni alquilamos tus datos personales.<br>Solo compartimos tu informaci\u00f3n con proveedores que nos prestan servicios (como plataformas de publicidad, hosting o an\u00e1lisis web), bajo acuerdos de confidencialidad y \u00fanicamente con fines operativos.<\/p>\n\n\n\n<h3 class=\"wp-block-heading\"><strong>4. Uso de cookies<\/strong><\/h3>\n\n\n\n<p>Nuestro sitio utiliza cookies para mejorar tu experiencia y analizar el uso de la web. Puedes configurar tu navegador para bloquear las cookies, pero algunas funciones podr\u00edan no estar disponibles.<\/p>\n\n\n\n<h3 class=\"wp-block-heading\"><strong>5. Protecci\u00f3n de la informaci\u00f3n<\/strong><\/h3>\n\n\n\n<p>Aplicamos medidas de seguridad razonables para evitar el acceso no autorizado, alteraci\u00f3n o p\u00e9rdida de los datos personales.<\/p>\n\n\n\n<h3 class=\"wp-block-heading\"><strong>6. Derechos del usuario<\/strong><\/h3>\n\n\n\n<p>Tienes derecho a acceder, actualizar o solicitar la eliminaci\u00f3n de tus datos personales.<\/p>\n\n\n\n<h3 class=\"wp-block-heading\"><strong>7. Cambios en esta pol\u00edtica<\/strong><\/h3>\n\n\n\n<p>Podemos actualizar esta pol\u00edtica en cualquier momento. La fecha de la \u00faltima modificaci\u00f3n siempre estar\u00e1 indicada al inicio del documento.<\/p>\n\n\n\n<h3 class=\"wp-block-heading\"><strong>8. Contacto<\/strong><\/h3>\n\n\n\n<p>Si tienes dudas o consultas sobre esta pol\u00edtica de privacidad, puedes escribirnos.<\/p>\n\n\n\n<p><\/p>\n","protected":false},"excerpt":{"rendered":"<p>En mpsoft.cl respetamos y protegemos la privacidad de todas las personas que visitan nuestro sitio web. Esta pol\u00edtica explica de manera clara c\u00f3mo recopilamos, usamos y protegemos tu informaci\u00f3n personal. 1. Informaci\u00f3n que recopilamos Podemos recopilar: 2. Uso de la informaci\u00f3n Utilizamos tus datos para: 3. Compartir informaci\u00f3n con terceros No vendemos ni alquilamos tus [&hellip;]<\/p>\n","protected":false},"author":1,"featured_media":0,"parent":0,"menu_order":0,"comment_status":"closed","ping_status":"open","template":"","meta":{"_monsterinsights_skip_tracking":false,"_monsterinsights_sitenote_active":false,"_monsterinsights_sitenote_note":"","_monsterinsights_sitenote_category":0,"footnotes":""},"class_list":["post-3","page","type-page","status-publish","hentry"],"aioseo_notices":[],"_links":{"self":[{"href":"https:\/\/mpsoft.cl\/index.php\/wp-json\/wp\/v2\/pages\/3","targetHints":{"allow":["GET"]}}],"collection":[{"href":"https:\/\/mpsoft.cl\/index.php\/wp-json\/wp\/v2\/pages"}],"about":[{"href":"https:\/\/mpsoft.cl\/index.php\/wp-json\/wp\/v2\/types\/page"}],"author":[{"embeddable":true,"href":"https:\/\/mpsoft.cl\/index.php\/wp-json\/wp\/v2\/users\/1"}],"replies":[{"embeddable":true,"href":"https:\/\/mpsoft.cl\/index.php\/wp-json\/wp\/v2\/comments?post=3"}],"version-history":[{"count":2,"href":"https:\/\/mpsoft.cl\/index.php\/wp-json\/wp\/v2\/pages\/3\/revisions"}],"predecessor-version":[{"id":19023,"href":"https:\/\/mpsoft.cl\/index.php\/wp-json\/wp\/v2\/pages\/3\/revisions\/19023"}],"wp:attachment":[{"href":"https:\/\/mpsoft.cl\/index.php\/wp-json\/wp\/v2\/media?parent=3"}],"curies":[{"name":"wp","href":"https:\/\/api.w.org\/{rel}","templated":true}]}}